{"id":37637,"date":"2025-08-04T15:22:55","date_gmt":"2025-08-04T20:22:55","guid":{"rendered":"https:\/\/www.forgymservice.com.co\/?post_type=product&#038;p=37637"},"modified":"2025-08-04T15:27:10","modified_gmt":"2025-08-04T20:27:10","slug":"comba-cuerda-saltar-lazo","status":"publish","type":"product","link":"https:\/\/www.forgymservice.com.co\/index.php\/producto\/comba-cuerda-saltar-lazo\/","title":{"rendered":"Comba \/ cuerda saltar lazo"},"content":{"rendered":"<p>Dise\u00f1ada con una estructura ergon\u00f3mica inspirada en un cuello de botella, la cuerda de saltar adidas es ideal para desarrollar tu resistencia cardiovascular mientras trabajas en la velocidad de tus pies y la coordinaci\u00f3n total.<\/p>\n<p>Hechas de un pl\u00e1stico moldeado duradero, las manijas sutilmente texturizadas encierran un mecanismo de cojinete de bolas suave que no se enreda, lo que proporciona rotaciones resbaladizas para entrenamientos de salto de \u00e9lite. Equipado con una cuerda de alambre de acero trenzado recubierta de goma m\u00e1s delgada, la cuerda para saltar ofrece la velocidad de rotaci\u00f3n y el control de trayectoria \u00f3ptimos para que los usuarios m\u00e1s avanzados se integren en su r\u00e9gimen de entrenamiento general o de boxeo.<\/p>\n<p>Con una longitud de 300 cm, la cuerda cuenta con un sistema de ajuste f\u00e1cil que no requiere corte, simplemente elija una longitud que sea ideal para su altura y c\u00f3moda para saltar.<\/p>\n","protected":false},"excerpt":{"rendered":"<ul>\n<li>Apto para aumentar la resistencia, el tiempo y la coordinaci\u00f3n.<\/li>\n<li>Los mangos de pl\u00e1stico moldeado cuentan con un dise\u00f1o de cuello de botella suave para un agarre m\u00e1s fuerte y c\u00f3modo<\/li>\n<li>El cable de acero trenzado recubierto de goma m\u00e1s delgado ofrece una velocidad de rotaci\u00f3n y un control de la trayectoria del cable \u00f3ptimos<\/li>\n<li>El mecanismo integrado de cojinete de bolas sin enredos permite la m\u00e1xima rotaci\u00f3n suave<\/li>\n<li>Con 300 cm de longitud, la cuerda se ajusta f\u00e1cilmente para adaptarse a su altura sin necesidad de cortar<\/li>\n<li>Completo con una bolsa de transporte de malla con cord\u00f3n para un f\u00e1cil almacenamiento y transporte<\/li>\n<\/ul>\n","protected":false},"featured_media":37638,"template":"","meta":{"_joinchat":[]},"product_brand":[],"product_cat":[122],"product_tag":[],"class_list":{"0":"post-37637","1":"product","2":"type-product","3":"status-publish","4":"has-post-thumbnail","6":"product_cat-accesorios-varios","8":"first","9":"instock","10":"sale","11":"shipping-taxable","12":"purchasable","13":"product-type-simple"},"_links":{"self":[{"href":"https:\/\/www.forgymservice.com.co\/index.php\/wp-json\/wp\/v2\/product\/37637","targetHints":{"allow":["GET"]}}],"collection":[{"href":"https:\/\/www.forgymservice.com.co\/index.php\/wp-json\/wp\/v2\/product"}],"about":[{"href":"https:\/\/www.forgymservice.com.co\/index.php\/wp-json\/wp\/v2\/types\/product"}],"version-history":[{"count":2,"href":"https:\/\/www.forgymservice.com.co\/index.php\/wp-json\/wp\/v2\/product\/37637\/revisions"}],"predecessor-version":[{"id":37640,"href":"https:\/\/www.forgymservice.com.co\/index.php\/wp-json\/wp\/v2\/product\/37637\/revisions\/37640"}],"wp:featuredmedia":[{"embeddable":true,"href":"https:\/\/www.forgymservice.com.co\/index.php\/wp-json\/wp\/v2\/media\/37638"}],"wp:attachment":[{"href":"https:\/\/www.forgymservice.com.co\/index.php\/wp-json\/wp\/v2\/media?parent=37637"}],"wp:term":[{"taxonomy":"product_brand","embeddable":true,"href":"https:\/\/www.forgymservice.com.co\/index.php\/wp-json\/wp\/v2\/product_brand?post=37637"},{"taxonomy":"product_cat","embeddable":true,"href":"https:\/\/www.forgymservice.com.co\/index.php\/wp-json\/wp\/v2\/product_cat?post=37637"},{"taxonomy":"product_tag","embeddable":true,"href":"https:\/\/www.forgymservice.com.co\/index.php\/wp-json\/wp\/v2\/product_tag?post=37637"}],"curies":[{"name":"wp","href":"https:\/\/api.w.org\/{rel}","templated":true}]}}