{"id":37647,"date":"2025-08-04T19:34:47","date_gmt":"2025-08-05T00:34:47","guid":{"rendered":"https:\/\/www.forgymservice.com.co\/?post_type=product&#038;p=37647"},"modified":"2025-08-05T18:58:12","modified_gmt":"2025-08-05T23:58:12","slug":"colchoneta-de-yoga-6mm-evolution","status":"publish","type":"product","link":"https:\/\/www.forgymservice.com.co\/index.php\/producto\/colchoneta-de-yoga-6mm-evolution\/","title":{"rendered":"COLCHONETA DE YOGA 6 mm &#8211; NEGRA"},"content":{"rendered":"<p>Fabricada con materiales de la m\u00e1s alta calidad, esta colchoneta ultra resistente es perfecta para pr\u00e1cticas de yoga y fitness de todos los niveles. Su grosor de 6 mm proporciona un soporte excepcional para tus rodillas, caderas y codos, permiti\u00e9ndote sumergirte plenamente en cada movimiento sin preocuparte por el dolor o las lesiones.<\/p>\n<p>Dise\u00f1ado para proporcionar un soporte superior y c\u00f3modo para cualquier pr\u00e1ctica de yoga.<br \/>\nLa superficie antideslizante proporciona estabilidad y seguridad anti resbal\u00f3n<br \/>\nApto para principiantes o expertos.<br \/>\nLavable: solo use agua y jab\u00f3n.<\/p>\n","protected":false},"excerpt":{"rendered":"<p>Material: 100% PVC antideslizante e impermeable<br \/>\nEnrollable para ahorrar espacio<br \/>\nDimensiones An 61 cm x La 172 cm x Espesor 0.6 cm<\/p>\n","protected":false},"featured_media":37652,"template":"","meta":{"_joinchat":[]},"product_brand":[],"product_cat":[122,135],"product_tag":[],"class_list":{"0":"post-37647","1":"product","2":"type-product","3":"status-publish","4":"has-post-thumbnail","6":"product_cat-accesorios-varios","7":"product_cat-colchonetas","9":"first","10":"instock","11":"shipping-taxable","12":"purchasable","13":"product-type-simple"},"_links":{"self":[{"href":"https:\/\/www.forgymservice.com.co\/index.php\/wp-json\/wp\/v2\/product\/37647","targetHints":{"allow":["GET"]}}],"collection":[{"href":"https:\/\/www.forgymservice.com.co\/index.php\/wp-json\/wp\/v2\/product"}],"about":[{"href":"https:\/\/www.forgymservice.com.co\/index.php\/wp-json\/wp\/v2\/types\/product"}],"version-history":[{"count":3,"href":"https:\/\/www.forgymservice.com.co\/index.php\/wp-json\/wp\/v2\/product\/37647\/revisions"}],"predecessor-version":[{"id":37653,"href":"https:\/\/www.forgymservice.com.co\/index.php\/wp-json\/wp\/v2\/product\/37647\/revisions\/37653"}],"wp:featuredmedia":[{"embeddable":true,"href":"https:\/\/www.forgymservice.com.co\/index.php\/wp-json\/wp\/v2\/media\/37652"}],"wp:attachment":[{"href":"https:\/\/www.forgymservice.com.co\/index.php\/wp-json\/wp\/v2\/media?parent=37647"}],"wp:term":[{"taxonomy":"product_brand","embeddable":true,"href":"https:\/\/www.forgymservice.com.co\/index.php\/wp-json\/wp\/v2\/product_brand?post=37647"},{"taxonomy":"product_cat","embeddable":true,"href":"https:\/\/www.forgymservice.com.co\/index.php\/wp-json\/wp\/v2\/product_cat?post=37647"},{"taxonomy":"product_tag","embeddable":true,"href":"https:\/\/www.forgymservice.com.co\/index.php\/wp-json\/wp\/v2\/product_tag?post=37647"}],"curies":[{"name":"wp","href":"https:\/\/api.w.org\/{rel}","templated":true}]}}