{"id":37872,"date":"2025-08-10T09:38:20","date_gmt":"2025-08-10T14:38:20","guid":{"rendered":"https:\/\/www.forgymservice.com.co\/?post_type=product&#038;p=37872"},"modified":"2025-08-10T09:38:20","modified_gmt":"2025-08-10T14:38:20","slug":"bandas-de-resistencia-tubular-nivel-3","status":"publish","type":"product","link":"https:\/\/www.forgymservice.com.co\/index.php\/producto\/bandas-de-resistencia-tubular-nivel-3\/","title":{"rendered":"BANDAS DE RESISTENCIA TUBULAR NIVEL 3"},"content":{"rendered":"<p>Las\u00a0<strong>Bandas de Resistencia Tubular Nivel 3 PROFORM<\/strong>\u00a0son perfectas para usuarios avanzados que buscan incrementar la intensidad de sus entrenamientos funcionales. Fabricadas con materiales de alta resistencia, estas bandas est\u00e1n dise\u00f1adas para soportar la tensi\u00f3n propia de ejercicios exigentes sin perder elasticidad ni forma.<\/p>\n","protected":false},"excerpt":{"rendered":"<p><strong>Bandas tubulares PROFORM nivel 3<\/strong>: m\u00e1xima resistencia para entrenamientos exigentes. Duraderas, seguras y con agarre ergon\u00f3mico. \u00a1Mejora tu rendimiento!<\/p>\n","protected":false},"featured_media":37873,"template":"","meta":{"_joinchat":[]},"product_brand":[],"product_cat":[122,134],"product_tag":[],"class_list":{"0":"post-37872","1":"product","2":"type-product","3":"status-publish","4":"has-post-thumbnail","6":"product_cat-accesorios-varios","7":"product_cat-bandas-elasticas","9":"first","10":"instock","11":"shipping-taxable","12":"purchasable","13":"product-type-simple"},"_links":{"self":[{"href":"https:\/\/www.forgymservice.com.co\/index.php\/wp-json\/wp\/v2\/product\/37872","targetHints":{"allow":["GET"]}}],"collection":[{"href":"https:\/\/www.forgymservice.com.co\/index.php\/wp-json\/wp\/v2\/product"}],"about":[{"href":"https:\/\/www.forgymservice.com.co\/index.php\/wp-json\/wp\/v2\/types\/product"}],"version-history":[{"count":1,"href":"https:\/\/www.forgymservice.com.co\/index.php\/wp-json\/wp\/v2\/product\/37872\/revisions"}],"predecessor-version":[{"id":37874,"href":"https:\/\/www.forgymservice.com.co\/index.php\/wp-json\/wp\/v2\/product\/37872\/revisions\/37874"}],"wp:featuredmedia":[{"embeddable":true,"href":"https:\/\/www.forgymservice.com.co\/index.php\/wp-json\/wp\/v2\/media\/37873"}],"wp:attachment":[{"href":"https:\/\/www.forgymservice.com.co\/index.php\/wp-json\/wp\/v2\/media?parent=37872"}],"wp:term":[{"taxonomy":"product_brand","embeddable":true,"href":"https:\/\/www.forgymservice.com.co\/index.php\/wp-json\/wp\/v2\/product_brand?post=37872"},{"taxonomy":"product_cat","embeddable":true,"href":"https:\/\/www.forgymservice.com.co\/index.php\/wp-json\/wp\/v2\/product_cat?post=37872"},{"taxonomy":"product_tag","embeddable":true,"href":"https:\/\/www.forgymservice.com.co\/index.php\/wp-json\/wp\/v2\/product_tag?post=37872"}],"curies":[{"name":"wp","href":"https:\/\/api.w.org\/{rel}","templated":true}]}}