{"id":37910,"date":"2025-08-10T17:19:03","date_gmt":"2025-08-10T22:19:03","guid":{"rendered":"https:\/\/www.forgymservice.com.co\/?post_type=product&#038;p=37910"},"modified":"2025-08-11T12:13:49","modified_gmt":"2025-08-11T17:13:49","slug":"tula-de-boxeo-30-kg-100-x-35-cm","status":"publish","type":"product","link":"https:\/\/www.forgymservice.com.co\/index.php\/producto\/tula-de-boxeo-30-kg-100-x-35-cm\/","title":{"rendered":"TULA DE BOXEO 30 KG 100 X 35 cm"},"content":{"rendered":"<p>La tula de Boxeo Evolution es la elecci\u00f3n perfecta para tus entrenamientos. Disponible en 30 kg, ofrece durabilidad y resistencia excepcionales. Fabricada con materiales de alta calidad, este saco para boxeo est\u00e1 dise\u00f1ado para soportar golpes potentes y continuos.<\/p>\n<p>Con su peso adecuado, te ayuda a mejorar tu fuerza, velocidad y t\u00e9cnica de golpeo. Perfecta para gimnasios, estudios de boxeo o entrenamiento en casa, la tula de boxeo Evolution te desaf\u00eda a superar tus l\u00edmites y alcanzar nuevos niveles de destreza y condici\u00f3n f\u00edsica.<\/p>\n<p>\u00a1Compra la tuya y comienza a entrenar como un verdadero campe\u00f3n!<\/p>\n","protected":false},"excerpt":{"rendered":"<p>Material en cuero sint\u00e9tico para mayor durabilidad<br \/>\nRelleno de espuma de alta densidad.<br \/>\nCosturas reforzadas.<br \/>\nColgantes en cadena.<br \/>\nReata de alta resistencia.<\/p>\n","protected":false},"featured_media":37911,"template":"","meta":{"_joinchat":[]},"product_brand":[],"product_cat":[96],"product_tag":[],"class_list":{"0":"post-37910","1":"product","2":"type-product","3":"status-publish","4":"has-post-thumbnail","6":"product_cat-productos-ufc","8":"first","9":"instock","10":"sale","11":"shipping-taxable","12":"purchasable","13":"product-type-simple"},"_links":{"self":[{"href":"https:\/\/www.forgymservice.com.co\/index.php\/wp-json\/wp\/v2\/product\/37910","targetHints":{"allow":["GET"]}}],"collection":[{"href":"https:\/\/www.forgymservice.com.co\/index.php\/wp-json\/wp\/v2\/product"}],"about":[{"href":"https:\/\/www.forgymservice.com.co\/index.php\/wp-json\/wp\/v2\/types\/product"}],"version-history":[{"count":4,"href":"https:\/\/www.forgymservice.com.co\/index.php\/wp-json\/wp\/v2\/product\/37910\/revisions"}],"predecessor-version":[{"id":37918,"href":"https:\/\/www.forgymservice.com.co\/index.php\/wp-json\/wp\/v2\/product\/37910\/revisions\/37918"}],"wp:featuredmedia":[{"embeddable":true,"href":"https:\/\/www.forgymservice.com.co\/index.php\/wp-json\/wp\/v2\/media\/37911"}],"wp:attachment":[{"href":"https:\/\/www.forgymservice.com.co\/index.php\/wp-json\/wp\/v2\/media?parent=37910"}],"wp:term":[{"taxonomy":"product_brand","embeddable":true,"href":"https:\/\/www.forgymservice.com.co\/index.php\/wp-json\/wp\/v2\/product_brand?post=37910"},{"taxonomy":"product_cat","embeddable":true,"href":"https:\/\/www.forgymservice.com.co\/index.php\/wp-json\/wp\/v2\/product_cat?post=37910"},{"taxonomy":"product_tag","embeddable":true,"href":"https:\/\/www.forgymservice.com.co\/index.php\/wp-json\/wp\/v2\/product_tag?post=37910"}],"curies":[{"name":"wp","href":"https:\/\/api.w.org\/{rel}","templated":true}]}}